{"id":5914,"date":"2026-04-08T09:05:33","date_gmt":"2026-04-08T09:05:33","guid":{"rendered":"https:\/\/egylepesseltobb.hu\/?page_id=5914"},"modified":"2026-04-08T09:06:23","modified_gmt":"2026-04-08T09:06:23","slug":"feltoltes-alatt","status":"publish","type":"page","link":"https:\/\/egylepesseltobb.hu\/en\/feltoltes-alatt\/","title":{"rendered":"under upload"},"content":{"rendered":"<div data-elementor-type=\"wp-page\" data-elementor-id=\"5914\" class=\"elementor elementor-5914\" data-elementor-post-type=\"page\">\n\t\t\t\t<div class=\"elementor-element elementor-element-60360158 e-con-full e-flex e-con e-parent\" data-id=\"60360158\" data-element_type=\"container\" data-e-type=\"container\">\n\t\t<div class=\"elementor-element elementor-element-2d90c05 e-con-full e-flex e-con e-child\" data-id=\"2d90c05\" data-element_type=\"container\" data-e-type=\"container\" data-settings=\"{&quot;background_background&quot;:&quot;video&quot;,&quot;background_video_link&quot;:&quot;https:\\\/\\\/egylepesseltobb.hu\\\/wp-content\\\/uploads\\\/2025\\\/04\\\/Nevtelen-terv-1.mp4&quot;,&quot;background_play_on_mobile&quot;:&quot;yes&quot;}\">\n\t\t<div class=\"elementor-background-video-container\">\n\t\t\t\t\t\t\t<video class=\"elementor-background-video-hosted\" role=\"presentation\" autoplay muted playsinline loop><\/video>\n\t\t\t\t\t<\/div>\t\t<div class=\"elementor-element elementor-element-4306b9bc elementor-align-center elementor-widget elementor-widget-breadcrumbs\" data-id=\"4306b9bc\" data-element_type=\"widget\" data-e-type=\"widget\" data-widget_type=\"breadcrumbs.default\">\n\t\t\t\t\t<p id=\"breadcrumbs\"><span><span><a href=\"https:\/\/egylepesseltobb.hu\/en\/\">Home page<\/a><\/span><\/span><\/p>\t\t\t\t<\/div>\n\t\t\t\t<\/div>\n\t\t\t\t<\/div>\n\t\t<div class=\"elementor-element elementor-element-46972a38 e-flex e-con-boxed e-con e-parent\" data-id=\"46972a38\" data-element_type=\"container\" data-e-type=\"container\">\n\t\t\t\t\t<div class=\"e-con-inner\">\n\t\t<div class=\"elementor-element elementor-element-54169976 e-con-full e-flex e-con e-child\" data-id=\"54169976\" data-element_type=\"container\" data-e-type=\"container\">\n\t\t\t\t<div class=\"elementor-element elementor-element-c729325 elementor-widget elementor-widget-heading\" data-id=\"c729325\" data-element_type=\"widget\" data-e-type=\"widget\" data-widget_type=\"heading.default\">\n\t\t\t\t\t<h2 class=\"elementor-heading-title elementor-size-default\">One step more foundation<\/h2>\t\t\t\t<\/div>\n\t\t\t\t<div class=\"elementor-element elementor-element-3cefcc9f elementor-widget elementor-widget-heading\" data-id=\"3cefcc9f\" data-element_type=\"widget\" data-e-type=\"widget\" data-widget_type=\"heading.default\">\n\t\t\t\t\t<h2 class=\"elementor-heading-title elementor-size-default\">Adoptable families\n\n<\/h2>\t\t\t\t<\/div>\n\t\t\t\t<div class=\"elementor-element elementor-element-1aa9c5e6 elementor-widget elementor-widget-heading\" data-id=\"1aa9c5e6\" data-element_type=\"widget\" data-e-type=\"widget\" data-widget_type=\"heading.default\">\n\t\t\t\t\t<h2 class=\"elementor-heading-title elementor-size-default\">Our foundation organizes or participates in individual and ad hoc collections, but our main goal is to help needy families on a monthly basis with our &quot;adopt a family&quot; program.<\/h2>\t\t\t\t<\/div>\n\t\t\t\t<\/div>\n\t\t\t\t\t<\/div>\n\t\t\t\t<\/div>\n\t\t<div class=\"elementor-element elementor-element-d16423c e-flex e-con-boxed e-con e-parent\" data-id=\"d16423c\" data-element_type=\"container\" data-e-type=\"container\">\n\t\t\t\t\t<div class=\"e-con-inner\">\n\t\t\t\t\t<\/div>\n\t\t\t\t<\/div>\n\t\t\t\t<\/div>","protected":false},"excerpt":{"rendered":"<p>Egy l\u00e9p\u00e9ssel t\u00f6bb alap\u00edtv\u00e1ny \u00d6r\u00f6kbefogadhat\u00f3 csal\u00e1dok Alap\u00edtv\u00e1nyunk szervez vagy becsatlakozik egy\u00e9ni \u00e9s eseti gy\u0171jt\u00e9sekbe is, de f\u0151 c\u00e9lunk, hogy r\u00e1szorul\u00f3 csal\u00e1doknak havi rendszeres\u00e9ggel seg\u00edthess\u00fcnk a \u201efogadj \u00f6r\u00f6kbe egy csal\u00e1dot\u201d programunkkal.<\/p>","protected":false},"author":1,"featured_media":0,"parent":0,"menu_order":0,"comment_status":"closed","ping_status":"closed","template":"elementor_header_footer","meta":{"footnotes":""},"class_list":["post-5914","page","type-page","status-publish","hentry"],"yoast_head":"<!-- This site is optimized with the Yoast SEO plugin v27.5 - https:\/\/yoast.com\/product\/yoast-seo-wordpress\/ -->\n<title>felt\u00f6lt\u00e9s alatt - Egy L\u00e9p\u00e9ssel T\u00f6bb alap\u00edtv\u00e1ny<\/title>\n<meta name=\"robots\" content=\"index, follow, max-snippet:-1, max-image-preview:large, max-video-preview:-1\" \/>\n<link rel=\"canonical\" href=\"https:\/\/egylepesseltobb.hu\/en\/feltoltes-alatt\/\" \/>\n<meta property=\"og:locale\" content=\"en_GB\" \/>\n<meta property=\"og:type\" content=\"article\" \/>\n<meta property=\"og:title\" content=\"felt\u00f6lt\u00e9s alatt - Egy L\u00e9p\u00e9ssel T\u00f6bb alap\u00edtv\u00e1ny\" \/>\n<meta property=\"og:description\" content=\"Egy l\u00e9p\u00e9ssel t\u00f6bb alap\u00edtv\u00e1ny \u00d6r\u00f6kbefogadhat\u00f3 csal\u00e1dok Alap\u00edtv\u00e1nyunk szervez vagy becsatlakozik egy\u00e9ni \u00e9s eseti gy\u0171jt\u00e9sekbe is, de f\u0151 c\u00e9lunk, hogy r\u00e1szorul\u00f3 csal\u00e1doknak havi rendszeres\u00e9ggel seg\u00edthess\u00fcnk a \u201efogadj \u00f6r\u00f6kbe egy csal\u00e1dot\u201d programunkkal.\" \/>\n<meta property=\"og:url\" content=\"https:\/\/egylepesseltobb.hu\/en\/feltoltes-alatt\/\" \/>\n<meta property=\"og:site_name\" content=\"Egy L\u00e9p\u00e9ssel T\u00f6bb alap\u00edtv\u00e1ny\" \/>\n<meta property=\"article:modified_time\" content=\"2026-04-08T09:06:23+00:00\" \/>\n<meta name=\"twitter:card\" content=\"summary_large_image\" \/>\n<meta name=\"twitter:label1\" content=\"Estimated reading time\" \/>\n\t<meta name=\"twitter:data1\" content=\"1 minute\" \/>\n<script type=\"application\/ld+json\" class=\"yoast-schema-graph\">{\"@context\":\"https:\\\/\\\/schema.org\",\"@graph\":[{\"@type\":\"WebPage\",\"@id\":\"https:\\\/\\\/egylepesseltobb.hu\\\/feltoltes-alatt\\\/\",\"url\":\"https:\\\/\\\/egylepesseltobb.hu\\\/feltoltes-alatt\\\/\",\"name\":\"felt\u00f6lt\u00e9s alatt - Egy L\u00e9p\u00e9ssel T\u00f6bb alap\u00edtv\u00e1ny\",\"isPartOf\":{\"@id\":\"https:\\\/\\\/egylepesseltobb.hu\\\/#website\"},\"datePublished\":\"2026-04-08T09:05:33+00:00\",\"dateModified\":\"2026-04-08T09:06:23+00:00\",\"breadcrumb\":{\"@id\":\"https:\\\/\\\/egylepesseltobb.hu\\\/feltoltes-alatt\\\/#breadcrumb\"},\"inLanguage\":\"en-GB\",\"potentialAction\":[{\"@type\":\"ReadAction\",\"target\":[\"https:\\\/\\\/egylepesseltobb.hu\\\/feltoltes-alatt\\\/\"]}]},{\"@type\":\"BreadcrumbList\",\"@id\":\"https:\\\/\\\/egylepesseltobb.hu\\\/feltoltes-alatt\\\/#breadcrumb\",\"itemListElement\":[{\"@type\":\"ListItem\",\"position\":1,\"name\":\"Kezd\u0151lap\",\"item\":\"https:\\\/\\\/egylepesseltobb.hu\\\/\"},{\"@type\":\"ListItem\",\"position\":2,\"name\":\"felt\u00f6lt\u00e9s alatt\"}]},{\"@type\":\"WebSite\",\"@id\":\"https:\\\/\\\/egylepesseltobb.hu\\\/#website\",\"url\":\"https:\\\/\\\/egylepesseltobb.hu\\\/\",\"name\":\"Egy L\u00e9p\u00e9ssel T\u00f6bb alap\u00edtv\u00e1ny\",\"description\":\"\",\"potentialAction\":[{\"@type\":\"SearchAction\",\"target\":{\"@type\":\"EntryPoint\",\"urlTemplate\":\"https:\\\/\\\/egylepesseltobb.hu\\\/?s={search_term_string}\"},\"query-input\":{\"@type\":\"PropertyValueSpecification\",\"valueRequired\":true,\"valueName\":\"search_term_string\"}}],\"inLanguage\":\"en-GB\"}]}<\/script>\n<!-- \/ Yoast SEO plugin. -->","yoast_head_json":{"title":"felt\u00f6lt\u00e9s alatt - Egy L\u00e9p\u00e9ssel T\u00f6bb alap\u00edtv\u00e1ny","robots":{"index":"index","follow":"follow","max-snippet":"max-snippet:-1","max-image-preview":"max-image-preview:large","max-video-preview":"max-video-preview:-1"},"canonical":"https:\/\/egylepesseltobb.hu\/en\/feltoltes-alatt\/","og_locale":"en_GB","og_type":"article","og_title":"felt\u00f6lt\u00e9s alatt - Egy L\u00e9p\u00e9ssel T\u00f6bb alap\u00edtv\u00e1ny","og_description":"Egy l\u00e9p\u00e9ssel t\u00f6bb alap\u00edtv\u00e1ny \u00d6r\u00f6kbefogadhat\u00f3 csal\u00e1dok Alap\u00edtv\u00e1nyunk szervez vagy becsatlakozik egy\u00e9ni \u00e9s eseti gy\u0171jt\u00e9sekbe is, de f\u0151 c\u00e9lunk, hogy r\u00e1szorul\u00f3 csal\u00e1doknak havi rendszeres\u00e9ggel seg\u00edthess\u00fcnk a \u201efogadj \u00f6r\u00f6kbe egy csal\u00e1dot\u201d programunkkal.","og_url":"https:\/\/egylepesseltobb.hu\/en\/feltoltes-alatt\/","og_site_name":"Egy L\u00e9p\u00e9ssel T\u00f6bb alap\u00edtv\u00e1ny","article_modified_time":"2026-04-08T09:06:23+00:00","twitter_card":"summary_large_image","twitter_misc":{"Estimated reading time":"1 minute"},"schema":{"@context":"https:\/\/schema.org","@graph":[{"@type":"WebPage","@id":"https:\/\/egylepesseltobb.hu\/feltoltes-alatt\/","url":"https:\/\/egylepesseltobb.hu\/feltoltes-alatt\/","name":"felt\u00f6lt\u00e9s alatt - Egy L\u00e9p\u00e9ssel T\u00f6bb alap\u00edtv\u00e1ny","isPartOf":{"@id":"https:\/\/egylepesseltobb.hu\/#website"},"datePublished":"2026-04-08T09:05:33+00:00","dateModified":"2026-04-08T09:06:23+00:00","breadcrumb":{"@id":"https:\/\/egylepesseltobb.hu\/feltoltes-alatt\/#breadcrumb"},"inLanguage":"en-GB","potentialAction":[{"@type":"ReadAction","target":["https:\/\/egylepesseltobb.hu\/feltoltes-alatt\/"]}]},{"@type":"BreadcrumbList","@id":"https:\/\/egylepesseltobb.hu\/feltoltes-alatt\/#breadcrumb","itemListElement":[{"@type":"ListItem","position":1,"name":"Kezd\u0151lap","item":"https:\/\/egylepesseltobb.hu\/"},{"@type":"ListItem","position":2,"name":"felt\u00f6lt\u00e9s alatt"}]},{"@type":"WebSite","@id":"https:\/\/egylepesseltobb.hu\/#website","url":"https:\/\/egylepesseltobb.hu\/","name":"One Step More Foundation","description":"","potentialAction":[{"@type":"SearchAction","target":{"@type":"EntryPoint","urlTemplate":"https:\/\/egylepesseltobb.hu\/?s={search_term_string}"},"query-input":{"@type":"PropertyValueSpecification","valueRequired":true,"valueName":"search_term_string"}}],"inLanguage":"en-GB"}]}},"_links":{"self":[{"href":"https:\/\/egylepesseltobb.hu\/en\/wp-json\/wp\/v2\/pages\/5914","targetHints":{"allow":["GET"]}}],"collection":[{"href":"https:\/\/egylepesseltobb.hu\/en\/wp-json\/wp\/v2\/pages"}],"about":[{"href":"https:\/\/egylepesseltobb.hu\/en\/wp-json\/wp\/v2\/types\/page"}],"author":[{"embeddable":true,"href":"https:\/\/egylepesseltobb.hu\/en\/wp-json\/wp\/v2\/users\/1"}],"replies":[{"embeddable":true,"href":"https:\/\/egylepesseltobb.hu\/en\/wp-json\/wp\/v2\/comments?post=5914"}],"version-history":[{"count":4,"href":"https:\/\/egylepesseltobb.hu\/en\/wp-json\/wp\/v2\/pages\/5914\/revisions"}],"predecessor-version":[{"id":5918,"href":"https:\/\/egylepesseltobb.hu\/en\/wp-json\/wp\/v2\/pages\/5914\/revisions\/5918"}],"wp:attachment":[{"href":"https:\/\/egylepesseltobb.hu\/en\/wp-json\/wp\/v2\/media?parent=5914"}],"curies":[{"name":"wp","href":"https:\/\/api.w.org\/{rel}","templated":true}]}}